{"id":15583,"date":"2025-10-17T18:10:39","date_gmt":"2025-10-17T18:10:39","guid":{"rendered":"https:\/\/depodanmusteriye.com\/?post_type=product&#038;p=15583"},"modified":"2025-11-02T06:12:37","modified_gmt":"2025-11-02T06:12:37","slug":"urun-adi","status":"publish","type":"product","link":"https:\/\/tema4.depodanmusteriye.com\/index.php\/urun\/urun-adi\/","title":{"rendered":"\u00dcR\u00dcN ADI"},"content":{"rendered":"<p>\u00dcr\u00fcn A\u00e7\u0131klamas\u0131<\/p>\n\n    <div class=\"xs_social_share_widget xs_share_url after_content \t\tmain_content  wslu-style-1 wslu-share-box-shaped wslu-fill-colored wslu-none wslu-share-horizontal wslu-theme-font-no wslu-main_content\">\n\n\t\t\n        <ul>\n\t\t\t        <\/ul>\n    <\/div> \n","protected":false},"excerpt":{"rendered":"<p>K\u0131sa \u00dcr\u00fcn A\u00e7\u0131klamas\u0131<\/p>\n","protected":false},"featured_media":6499,"comment_status":"open","ping_status":"closed","template":"","meta":{"postBodyCss":"","postBodyMargin":[],"postBodyPadding":[],"postBodyBackground":{"backgroundType":"classic","gradient":""}},"product_brand":[],"product_cat":[72,71],"product_tag":[74,73],"class_list":{"0":"post-15583","1":"product","2":"type-product","3":"status-publish","4":"has-post-thumbnail","6":"product_cat-alt-kategori","7":"product_cat-ana-kategori","8":"product_tag-etiketleri","9":"product_tag-urun","11":"first","12":"instock","13":"shipping-taxable","14":"purchasable","15":"product-type-variable"},"_links":{"self":[{"href":"https:\/\/tema4.depodanmusteriye.com\/index.php\/wp-json\/wp\/v2\/product\/15583","targetHints":{"allow":["GET"]}}],"collection":[{"href":"https:\/\/tema4.depodanmusteriye.com\/index.php\/wp-json\/wp\/v2\/product"}],"about":[{"href":"https:\/\/tema4.depodanmusteriye.com\/index.php\/wp-json\/wp\/v2\/types\/product"}],"replies":[{"embeddable":true,"href":"https:\/\/tema4.depodanmusteriye.com\/index.php\/wp-json\/wp\/v2\/comments?post=15583"}],"version-history":[{"count":1,"href":"https:\/\/tema4.depodanmusteriye.com\/index.php\/wp-json\/wp\/v2\/product\/15583\/revisions"}],"predecessor-version":[{"id":15615,"href":"https:\/\/tema4.depodanmusteriye.com\/index.php\/wp-json\/wp\/v2\/product\/15583\/revisions\/15615"}],"wp:featuredmedia":[{"embeddable":true,"href":"https:\/\/tema4.depodanmusteriye.com\/index.php\/wp-json\/wp\/v2\/media\/6499"}],"wp:attachment":[{"href":"https:\/\/tema4.depodanmusteriye.com\/index.php\/wp-json\/wp\/v2\/media?parent=15583"}],"wp:term":[{"taxonomy":"product_brand","embeddable":true,"href":"https:\/\/tema4.depodanmusteriye.com\/index.php\/wp-json\/wp\/v2\/product_brand?post=15583"},{"taxonomy":"product_cat","embeddable":true,"href":"https:\/\/tema4.depodanmusteriye.com\/index.php\/wp-json\/wp\/v2\/product_cat?post=15583"},{"taxonomy":"product_tag","embeddable":true,"href":"https:\/\/tema4.depodanmusteriye.com\/index.php\/wp-json\/wp\/v2\/product_tag?post=15583"}],"curies":[{"name":"wp","href":"https:\/\/api.w.org\/{rel}","templated":true}]}}