{"id":4439,"date":"2021-10-12T16:27:24","date_gmt":"2021-10-12T16:27:24","guid":{"rendered":"http:\/\/dummy.xtemos.com\/woodmart2\/elementor\/?page_id=4439"},"modified":"2025-11-03T19:19:28","modified_gmt":"2025-11-03T19:19:28","slug":"iletisim","status":"publish","type":"page","link":"https:\/\/tema4.depodanmusteriye.com\/index.php\/iletisim\/","title":{"rendered":"\u0130leti\u015fim"},"content":{"rendered":"\t\t<div data-elementor-type=\"wp-page\" data-elementor-id=\"4439\" class=\"elementor elementor-4439\">\n\t\t\t\t<div class=\"wd-negative-gap elementor-element elementor-element-cb322d0 e-flex e-con-boxed e-con e-parent\" data-id=\"cb322d0\" data-element_type=\"container\">\n\t\t\t\t\t<div class=\"e-con-inner\">\n\t\t<div class=\"elementor-element elementor-element-1f0abe4 e-con-full e-flex e-con e-child\" data-id=\"1f0abe4\" data-element_type=\"container\">\n\t\t\t\t<div class=\"elementor-element elementor-element-071523a wd-width-100 elementor-widget elementor-widget-wd_title\" data-id=\"071523a\" data-element_type=\"widget\" data-widget_type=\"wd_title.default\">\n\t\t\t\t<div class=\"elementor-widget-container\">\n\t\t\t\t\t\t\t<div class=\"title-wrapper wd-set-mb reset-last-child wd-title-color-default wd-title-style-default wd-title-size-default text-left\">\n\n\t\t\t\n\t\t\t<div class=\"liner-continer\">\n\t\t\t\t<h4 class=\"woodmart-title-container title wd-fontsize-l\">MATR\u0130X YAZILIM LTD. \u015eT\u0130.<\/h4> \n\t\t\t\t\t\t\t<\/div>\n\n\t\t\t\t\t\t\t<div class=\"title-after_title reset-last-child wd-fontsize-xs\">\n\t\t\t\t\t<p><span style=\"color: #000000\">KAYI\u015eDA\u011eI MAH. DUDULLU CAD. MECNUN SOKA\u011eI NO:9 KAT:1-2-3 34750<\/span><br \/><span style=\"color: #000000\">ATA\u015eEH\u0130R\u00a0\/\u00a0\u0130STANBUL<\/span><\/p><p><span style=\"color: #000000\">info@depodanmusteriye.com<\/span><br \/><span style=\"color: #000000\">destek@depodanmusteriye.com<\/span><\/p><p><span style=\"color: #000000\"><a href=\"https:\/\/wa.me\/+908506660909\">0850 666 09 09<\/a><\/span><\/p>\t\t\t\t<\/div>\n\t\t\t\t\t<\/div>\n\t\t\t\t\t\t<\/div>\n\t\t\t\t<\/div>\n\t\t\t\t<\/div>\n\t\t<div class=\"elementor-element elementor-element-6edea48 e-con-full e-flex e-con e-child\" data-id=\"6edea48\" data-element_type=\"container\">\n\t\t\t\t<div class=\"elementor-element elementor-element-9dfd7ce elementor-widget elementor-widget-google_maps\" data-id=\"9dfd7ce\" data-element_type=\"widget\" data-widget_type=\"google_maps.default\">\n\t\t\t\t<div class=\"elementor-widget-container\">\n\t\t\t\t\t\t\t<div class=\"elementor-custom-embed\">\n\t\t\t<iframe loading=\"lazy\"\n\t\t\t\t\tsrc=\"https:\/\/maps.google.com\/maps?q=KAYI%C5%9EDA%C4%9EI%20MAH.%20DUDULLU%20CAD.%20MECNUN%20SOKA%C4%9EI%20NO%3A9%20KAT%3A1-2-3%2034750%20ATA%C5%9EEH%C4%B0R%C2%A0%2F%C2%A0%C4%B0STANBUL&#038;t=m&#038;z=18&#038;output=embed&#038;iwloc=near\"\n\t\t\t\t\ttitle=\"KAYI\u015eDA\u011eI MAH. DUDULLU CAD. MECNUN SOKA\u011eI NO:9 KAT:1-2-3 34750 ATA\u015eEH\u0130R\u00a0\/\u00a0\u0130STANBUL\"\n\t\t\t\t\taria-label=\"KAYI\u015eDA\u011eI MAH. DUDULLU CAD. MECNUN SOKA\u011eI NO:9 KAT:1-2-3 34750 ATA\u015eEH\u0130R\u00a0\/\u00a0\u0130STANBUL\"\n\t\t\t><\/iframe>\n\t\t<\/div>\n\t\t\t\t\t\t<\/div>\n\t\t\t\t<\/div>\n\t\t\t\t<\/div>\n\t\t\t\t\t<\/div>\n\t\t\t\t<\/div>\n\t\t\t\t<\/div>\n\t\t\n    <div class=\"xs_social_share_widget xs_share_url after_content \t\tmain_content  wslu-style-1 wslu-share-box-shaped wslu-fill-colored wslu-none wslu-share-horizontal wslu-theme-font-no wslu-main_content\">\n\n\t\t\n        <ul>\n\t\t\t        <\/ul>\n    <\/div> \n","protected":false},"excerpt":{"rendered":"<p>MATR\u0130X YAZILIM LTD. \u015eT\u0130. KAYI\u015eDA\u011eI MAH. DUDULLU CAD. MECNUN SOKA\u011eI NO:9 KAT:1-2-3 34750ATA\u015eEH\u0130R\u00a0\/\u00a0\u0130STANBUL info@depodanmusteriye.comdestek@depodanmusteriye.com 0850 666 09 09<\/p>\n","protected":false},"author":1,"featured_media":0,"parent":0,"menu_order":0,"comment_status":"closed","ping_status":"closed","template":"","meta":{"postBodyCss":"","postBodyMargin":[],"postBodyPadding":[],"postBodyBackground":{"backgroundType":"classic","gradient":""},"footnotes":""},"class_list":["post-4439","page","type-page","status-publish","hentry"],"_links":{"self":[{"href":"https:\/\/tema4.depodanmusteriye.com\/index.php\/wp-json\/wp\/v2\/pages\/4439","targetHints":{"allow":["GET"]}}],"collection":[{"href":"https:\/\/tema4.depodanmusteriye.com\/index.php\/wp-json\/wp\/v2\/pages"}],"about":[{"href":"https:\/\/tema4.depodanmusteriye.com\/index.php\/wp-json\/wp\/v2\/types\/page"}],"author":[{"embeddable":true,"href":"https:\/\/tema4.depodanmusteriye.com\/index.php\/wp-json\/wp\/v2\/users\/1"}],"replies":[{"embeddable":true,"href":"https:\/\/tema4.depodanmusteriye.com\/index.php\/wp-json\/wp\/v2\/comments?post=4439"}],"version-history":[{"count":7,"href":"https:\/\/tema4.depodanmusteriye.com\/index.php\/wp-json\/wp\/v2\/pages\/4439\/revisions"}],"predecessor-version":[{"id":16656,"href":"https:\/\/tema4.depodanmusteriye.com\/index.php\/wp-json\/wp\/v2\/pages\/4439\/revisions\/16656"}],"wp:attachment":[{"href":"https:\/\/tema4.depodanmusteriye.com\/index.php\/wp-json\/wp\/v2\/media?parent=4439"}],"curies":[{"name":"wp","href":"https:\/\/api.w.org\/{rel}","templated":true}]}}